{"id":5767,"date":"2025-11-05T16:30:31","date_gmt":"2025-11-05T16:30:31","guid":{"rendered":"https:\/\/suuber.ch\/pagina-inicial\/"},"modified":"2026-04-02T17:03:16","modified_gmt":"2026-04-02T17:03:16","slug":"pagina-inicial","status":"publish","type":"page","link":"https:\/\/suuber.ch\/pt-pt\/","title":{"rendered":"P\u00e1gina inicial"},"content":{"rendered":"\n<p>O documento intitulado \u00abCasa\u00bb serve como uma representa\u00e7\u00e3o fundamental das qualidades e caracter\u00edsticas essenciais que definem uma resid\u00eancia. Abrange os ideais de conforto, seguran\u00e7a e express\u00e3o pessoal, refletindo as identidades \u00fanicas dos seus habitantes. Esta explora\u00e7\u00e3o abrangente visa articular o significado da casa na promo\u00e7\u00e3o de um sentimento de perten\u00e7a e bem-estar. Em \u00faltima an\u00e1lise, sublinha o profundo impacto que um espa\u00e7o habitacional bem concebido pode ter nas vidas individuais e nas comunidades.   <\/p>\n","protected":false},"excerpt":{"rendered":"<p>O documento intitulado \u00abCasa\u00bb serve como uma representa\u00e7\u00e3o fundamental das qualidades e caracter\u00edsticas essenciais que definem uma resid\u00eancia. Abrange os ideais de conforto, seguran\u00e7a e express\u00e3o pessoal, refletindo as identidades \u00fanicas dos seus habitantes. Esta explora\u00e7\u00e3o abrangente visa articular o significado da casa na promo\u00e7\u00e3o de um sentimento de perten\u00e7a e bem-estar. Em \u00faltima an\u00e1lise, [&hellip;]<\/p>\n","protected":false},"author":1,"featured_media":0,"parent":0,"menu_order":0,"comment_status":"closed","ping_status":"closed","template":"","meta":{"_acf_changed":false,"footnotes":""},"class_list":["post-5767","page","type-page","status-publish","hentry"],"acf":[],"_links":{"self":[{"href":"https:\/\/suuber.ch\/pt-pt\/wp-json\/wp\/v2\/pages\/5767","targetHints":{"allow":["GET"]}}],"collection":[{"href":"https:\/\/suuber.ch\/pt-pt\/wp-json\/wp\/v2\/pages"}],"about":[{"href":"https:\/\/suuber.ch\/pt-pt\/wp-json\/wp\/v2\/types\/page"}],"author":[{"embeddable":true,"href":"https:\/\/suuber.ch\/pt-pt\/wp-json\/wp\/v2\/users\/1"}],"replies":[{"embeddable":true,"href":"https:\/\/suuber.ch\/pt-pt\/wp-json\/wp\/v2\/comments?post=5767"}],"version-history":[{"count":5,"href":"https:\/\/suuber.ch\/pt-pt\/wp-json\/wp\/v2\/pages\/5767\/revisions"}],"predecessor-version":[{"id":8954,"href":"https:\/\/suuber.ch\/pt-pt\/wp-json\/wp\/v2\/pages\/5767\/revisions\/8954"}],"wp:attachment":[{"href":"https:\/\/suuber.ch\/pt-pt\/wp-json\/wp\/v2\/media?parent=5767"}],"curies":[{"name":"wp","href":"https:\/\/api.w.org\/{rel}","templated":true}]}}